{"id":840,"date":"2023-10-29T18:12:27","date_gmt":"2023-10-29T17:12:27","guid":{"rendered":"https:\/\/www.hukvaldskypotlach.cz\/?page_id=840"},"modified":"2024-10-08T18:22:29","modified_gmt":"2024-10-08T16:22:29","slug":"prednasky","status":"publish","type":"page","link":"https:\/\/www.hukvaldskypotlach.cz\/index.php\/prednasky\/","title":{"rendered":"Besedy"},"content":{"rendered":"<p>[et_pb_section fb_built=&#8220;1&#8243; admin_label=&#8220;Blog&#8220; _builder_version=&#8220;4.23.4&#8243; _module_preset=&#8220;default&#8220; background_color=&#8220;gcid-3be8d3fa-8b11-41b4-b614-e601c43d7597&#8243; custom_padding=&#8220;0px|||||&#8220; border_color_all=&#8220;#000000&#8243; border_width_bottom=&#8220;8px&#8220; collapsed=&#8220;on&#8220; global_colors_info=&#8220;{%22gcid-3be8d3fa-8b11-41b4-b614-e601c43d7597%22:%91%22background_color%22%93}&#8220;][et_pb_row use_custom_gutter=&#8220;on&#8220; gutter_width=&#8220;2&#8243; _builder_version=&#8220;4.23.4&#8243; _module_preset=&#8220;default&#8220; max_width=&#8220;1400px&#8220; global_colors_info=&#8220;{}&#8220;][et_pb_column type=&#8220;4_4&#8243; _builder_version=&#8220;4.20.0&#8243; _module_preset=&#8220;default&#8220; global_colors_info=&#8220;{}&#8220;][et_pb_text _builder_version=&#8220;4.25.0&#8243; _module_preset=&#8220;default&#8220; width=&#8220;91%&#8220; module_alignment=&#8220;center&#8220; custom_padding=&#8220;|3px|25px|||&#8220; global_colors_info=&#8220;{}&#8220;]<\/p>\n<p><strong>Na\u0161e cestovatelsk\u00e9 besedy jsou jako okno do sv\u011bta pln\u00e9 dobrodru\u017estv\u00ed a objev\u016f. Sledujeme, jak se prom\u011b\u0148uje krajina za oknem vlaku, nas\u00e1v\u00e1me v\u016fn\u011b exotick\u00fdch trh\u016f, a poslouch\u00e1me p\u0159\u00edb\u011bhy o setk\u00e1n\u00edch s m\u00edstn\u00edmi obyvateli. Besedy n\u00e1s inspiruj\u00ed k nov\u00fdm dobrodru\u017estv\u00edm.<\/strong><\/p>\n<p>[\/et_pb_text][et_pb_blog posts_number=&#8220;6&#8243; include_categories=&#8220;24&#8243; show_more=&#8220;on&#8220; show_author=&#8220;off&#8220; show_categories=&#8220;off&#8220; _builder_version=&#8220;4.25.0&#8243; _module_preset=&#8220;dea8c96c-ce40-4363-b05e-86eb8601c1ba&#8220; locked=&#8220;off&#8220; global_colors_info=&#8220;{}&#8220; quote_font_size_tablet=&#8220;20px&#8220; quote_font_size_phone=&#8220;16px&#8220; quote_font_size_last_edited=&#8220;on|desktop&#8220;][\/et_pb_blog][\/et_pb_column][\/et_pb_row][\/et_pb_section][et_pb_section fb_built=&#8220;1&#8243; theme_builder_area=&#8220;post_content&#8220; _builder_version=&#8220;4.26.0&#8243; _module_preset=&#8220;default&#8220;][et_pb_row _builder_version=&#8220;4.26.0&#8243; _module_preset=&#8220;default&#8220; theme_builder_area=&#8220;post_content&#8220;][et_pb_column _builder_version=&#8220;4.26.0&#8243; _module_preset=&#8220;default&#8220; type=&#8220;4_4&#8243; theme_builder_area=&#8220;post_content&#8220;][et_pb_image src=&#8220;http:\/\/www.hukvaldskypotlach.cz\/wp-content\/uploads\/2024\/10\/IMG_42511.jpg&#8220; _builder_version=&#8220;4.26.0&#8243; _module_preset=&#8220;default&#8220; theme_builder_area=&#8220;post_content&#8220; title_text=&#8220;IMG_4251(1)&#8220; hover_enabled=&#8220;0&#8243; sticky_enabled=&#8220;0&#8243;][\/et_pb_image][\/et_pb_column][\/et_pb_row][\/et_pb_section]<\/p>\n","protected":false},"excerpt":{"rendered":"<p>Na\u0161e cestovatelsk\u00e9 besedy jsou jako okno do sv\u011bta pln\u00e9 dobrodru\u017estv\u00ed a objev\u016f. Sledujeme, jak se prom\u011b\u0148uje krajina za oknem vlaku, nas\u00e1v\u00e1me v\u016fn\u011b exotick\u00fdch trh\u016f, a poslouch\u00e1me p\u0159\u00edb\u011bhy o setk\u00e1n\u00edch s [&hellip;]<\/p>\n","protected":false},"author":1,"featured_media":0,"parent":0,"menu_order":0,"comment_status":"closed","ping_status":"closed","template":"","meta":{"_et_pb_use_builder":"on","_et_pb_old_content":"<!-- wp:paragraph -->\n<p>Na dal\u0161\u00ed p\u0159edn\u00e1\u0161ky se m\u016f\u017eete t\u011b\u0161it v roce 2024<\/p>\n<!-- \/wp:paragraph -->\n\n<!-- wp:heading {\"textAlign\":\"center\",\"level\":4,\"style\":{\"typography\":{\"fontStyle\":\"normal\",\"fontWeight\":\"800\"},\"color\":{\"text\":\"#6b3105\"}}} -->\n<h4 class=\"wp-block-heading has-text-align-center has-text-color\" style=\"color:#6b3105;font-style:normal;font-weight:800\">Uk\u00e1zky z historie ...<\/h4>\n<!-- \/wp:heading -->\n\n<!-- wp:image {\"id\":889,\"sizeSlug\":\"large\",\"linkDestination\":\"none\"} -->\n<figure class=\"wp-block-image size-large\"><img src=\"http:\/\/www.hukvaldskypotlach.cz\/wp-content\/uploads\/2023\/11\/cestovani_listopad_02-724x1024.jpg\" alt=\"\" class=\"wp-image-889\"\/><\/figure>\n<!-- \/wp:image -->\n\n<!-- wp:gallery {\"columns\":1,\"imageCrop\":false,\"linkTo\":\"none\"} -->\n<figure class=\"wp-block-gallery has-nested-images columns-1\"><!-- wp:image {\"id\":694,\"sizeSlug\":\"full\",\"linkDestination\":\"none\"} -->\n<figure class=\"wp-block-image size-full\"><img src=\"http:\/\/www.hukvaldskypotlach.cz\/wp-content\/uploads\/2023\/03\/Page1.jpeg\" alt=\"\" class=\"wp-image-694\"\/><\/figure>\n<!-- \/wp:image -->\n\n<!-- wp:image {\"id\":590,\"sizeSlug\":\"large\",\"linkDestination\":\"none\"} -->\n<figure class=\"wp-block-image size-large\"><img src=\"http:\/\/www.hukvaldskypotlach.cz\/wp-content\/uploads\/2022\/11\/cest.-p\u0159edn\u00e1\u0161ka-25.11.2022-1024x724.png\" alt=\"\" class=\"wp-image-590\"\/><\/figure>\n<!-- \/wp:image -->\n\n<!-- wp:image {\"id\":496,\"sizeSlug\":\"large\",\"linkDestination\":\"none\"} -->\n<figure class=\"wp-block-image size-large\"><img src=\"http:\/\/www.hukvaldskypotlach.cz\/wp-content\/uploads\/2022\/02\/pozv\u00e1nka-na-cestovatelskou-p\u0159edn\u00e1\u0161ku-25.3.2022-N\u00e1rodn\u00ed-parky-USA-1024x724.png\" alt=\"\" class=\"wp-image-496\"\/><\/figure>\n<!-- \/wp:image --><\/figure>\n<!-- \/wp:gallery -->","_et_gb_content_width":"","footnotes":""},"class_list":["post-840","page","type-page","status-publish","hentry"],"publishpress_future_action":{"enabled":false,"date":"2026-05-07 09:00:38","action":"change-status","newStatus":"draft","terms":[],"taxonomy":""},"publishpress_future_workflow_manual_trigger":{"enabledWorkflows":[]},"_links":{"self":[{"href":"https:\/\/www.hukvaldskypotlach.cz\/index.php\/wp-json\/wp\/v2\/pages\/840"}],"collection":[{"href":"https:\/\/www.hukvaldskypotlach.cz\/index.php\/wp-json\/wp\/v2\/pages"}],"about":[{"href":"https:\/\/www.hukvaldskypotlach.cz\/index.php\/wp-json\/wp\/v2\/types\/page"}],"author":[{"embeddable":true,"href":"https:\/\/www.hukvaldskypotlach.cz\/index.php\/wp-json\/wp\/v2\/users\/1"}],"replies":[{"embeddable":true,"href":"https:\/\/www.hukvaldskypotlach.cz\/index.php\/wp-json\/wp\/v2\/comments?post=840"}],"version-history":[{"count":0,"href":"https:\/\/www.hukvaldskypotlach.cz\/index.php\/wp-json\/wp\/v2\/pages\/840\/revisions"}],"wp:attachment":[{"href":"https:\/\/www.hukvaldskypotlach.cz\/index.php\/wp-json\/wp\/v2\/media?parent=840"}],"curies":[{"name":"wp","href":"https:\/\/api.w.org\/{rel}","templated":true}]}}