{"id":834,"date":"2023-10-29T17:58:13","date_gmt":"2023-10-29T16:58:13","guid":{"rendered":"https:\/\/www.hukvaldskypotlach.cz\/?page_id=834"},"modified":"2024-10-07T20:03:48","modified_gmt":"2024-10-07T18:03:48","slug":"divadlo","status":"publish","type":"page","link":"https:\/\/www.hukvaldskypotlach.cz\/index.php\/divadlo\/","title":{"rendered":"Divadlo"},"content":{"rendered":"<p>[et_pb_section fb_built=&#8220;1&#8243; admin_label=&#8220;Footer&#8220; _builder_version=&#8220;4.25.0&#8243; _module_preset=&#8220;default&#8220; module_alignment=&#8220;center&#8220; custom_padding=&#8220;0px||0px||true|false&#8220; saved_tabs=&#8220;all&#8220; collapsed=&#8220;on&#8220; global_colors_info=&#8220;{}&#8220;][et_pb_row _builder_version=&#8220;4.20.0&#8243; _module_preset=&#8220;default&#8220; width=&#8220;100%&#8220; max_width=&#8220;none&#8220; custom_padding=&#8220;0px||0px||true|false&#8220; locked=&#8220;off&#8220; global_colors_info=&#8220;{}&#8220;][et_pb_column type=&#8220;4_4&#8243; _builder_version=&#8220;4.20.0&#8243; _module_preset=&#8220;default&#8220; global_colors_info=&#8220;{}&#8220;][et_pb_text _builder_version=&#8220;4.25.0&#8243; _module_preset=&#8220;default&#8220; width=&#8220;91%&#8220; module_alignment=&#8220;center&#8220; custom_padding=&#8220;|3px||||&#8220; global_colors_info=&#8220;{}&#8220;]<\/p>\n<p><strong>Sv\u011bt divadla je jako nekone\u010dn\u00e1 cesta, na n\u00ed\u017e se setk\u00e1v\u00e1me s r\u016fzn\u00fdmi p\u0159\u00edb\u011bhy a emocemi. Amat\u00e9rsk\u00e1 divadla, i kdy\u017e nemaj\u00ed za sebou profesion\u00e1ln\u00ed \u0161kolen\u00ed, dok\u00e1\u017eou vytvo\u0159it \u00fa\u017easn\u00e9 p\u0159edstaven\u00ed pln\u00e9 v\u00e1\u0161n\u011b a kreativity. Jsou jako skryt\u00fd poklad, kter\u00fd objevujeme s obdivem.<\/strong><\/p>\n<p>[\/et_pb_text][\/et_pb_column][\/et_pb_row][et_pb_row use_custom_gutter=&#8220;on&#8220; gutter_width=&#8220;2&#8243; _builder_version=&#8220;4.23.4&#8243; _module_preset=&#8220;default&#8220; max_width=&#8220;1400px&#8220; global_colors_info=&#8220;{}&#8220;][et_pb_column type=&#8220;4_4&#8243; _builder_version=&#8220;4.20.0&#8243; _module_preset=&#8220;default&#8220; global_colors_info=&#8220;{}&#8220;][et_pb_blog posts_number=&#8220;6&#8243; include_categories=&#8220;37&#8243; _builder_version=&#8220;4.23.4&#8243; _module_preset=&#8220;dea8c96c-ce40-4363-b05e-86eb8601c1ba&#8220; locked=&#8220;off&#8220; global_colors_info=&#8220;{}&#8220; quote_font_size_tablet=&#8220;20px&#8220; quote_font_size_phone=&#8220;16px&#8220; quote_font_size_last_edited=&#8220;on|desktop&#8220;][\/et_pb_blog][\/et_pb_column][\/et_pb_row][\/et_pb_section]<\/p>\n","protected":false},"excerpt":{"rendered":"<p>Sv\u011bt divadla je jako nekone\u010dn\u00e1 cesta, na n\u00ed\u017e se setk\u00e1v\u00e1me s r\u016fzn\u00fdmi p\u0159\u00edb\u011bhy a emocemi. Amat\u00e9rsk\u00e1 divadla, i kdy\u017e nemaj\u00ed za sebou profesion\u00e1ln\u00ed \u0161kolen\u00ed, dok\u00e1\u017eou vytvo\u0159it \u00fa\u017easn\u00e9 p\u0159edstaven\u00ed pln\u00e9 v\u00e1\u0161n\u011b [&hellip;]<\/p>\n","protected":false},"author":1,"featured_media":0,"parent":0,"menu_order":0,"comment_status":"closed","ping_status":"closed","template":"","meta":{"_et_pb_use_builder":"on","_et_pb_old_content":"<!-- wp:paragraph {\"style\":{\"color\":{\"text\":\"#6b3105\"}}} -->\n<p class=\"has-text-color\" style=\"color:#6b3105\">Dal\u0161\u00ed divadeln\u00ed p\u0159edstaven\u00ed pro v\u00e1s chyst\u00e1me v roce 2024<\/p>\n<!-- \/wp:paragraph -->\n\n<!-- wp:heading {\"textAlign\":\"center\",\"level\":4,\"style\":{\"color\":{\"text\":\"#6b3105\"},\"typography\":{\"fontStyle\":\"normal\",\"fontWeight\":\"800\"}}} -->\n<h4 class=\"wp-block-heading has-text-align-center has-text-color\" style=\"color:#6b3105;font-style:normal;font-weight:800\">Z historie...<\/h4>\n<!-- \/wp:heading -->\n\n<!-- wp:gallery {\"columns\":2,\"imageCrop\":false,\"linkTo\":\"none\"} -->\n<figure class=\"wp-block-gallery has-nested-images columns-2\"><!-- wp:image {\"id\":727,\"sizeSlug\":\"large\",\"linkDestination\":\"none\"} -->\n<figure class=\"wp-block-image size-large\"><img src=\"http:\/\/www.hukvaldskypotlach.cz\/wp-content\/uploads\/2023\/09\/divadlo-podzim_02-1-746x1024.jpg\" alt=\"\" class=\"wp-image-727\"\/><\/figure>\n<!-- \/wp:image -->\n\n<!-- wp:image {\"id\":698,\"sizeSlug\":\"large\",\"linkDestination\":\"none\"} -->\n<figure class=\"wp-block-image size-large\"><img src=\"http:\/\/www.hukvaldskypotlach.cz\/wp-content\/uploads\/2023\/04\/14.4-Divadlo_page-0001-724x1024.jpg\" alt=\"\" class=\"wp-image-698\"\/><\/figure>\n<!-- \/wp:image -->\n\n<!-- wp:image {\"id\":528,\"sizeSlug\":\"large\",\"linkDestination\":\"none\"} -->\n<figure class=\"wp-block-image size-large\"><img src=\"http:\/\/www.hukvaldskypotlach.cz\/wp-content\/uploads\/2022\/03\/Pozv\u00e1nka-Divadlo-Propadlo-1024x727.jpg\" alt=\"\" class=\"wp-image-528\"\/><\/figure>\n<!-- \/wp:image -->\n\n<!-- wp:image {\"id\":508,\"sizeSlug\":\"large\",\"linkDestination\":\"none\"} -->\n<figure class=\"wp-block-image size-large\"><img src=\"http:\/\/www.hukvaldskypotlach.cz\/wp-content\/uploads\/2022\/02\/plak\u00e1t_divadlo_Dev\u00edtka-1-724x1024.jpg\" alt=\"\" class=\"wp-image-508\"\/><\/figure>\n<!-- \/wp:image --><\/figure>\n<!-- \/wp:gallery -->","_et_gb_content_width":"","footnotes":""},"class_list":["post-834","page","type-page","status-publish","hentry"],"publishpress_future_action":{"enabled":false,"date":"2026-05-02 16:02:47","action":"change-status","newStatus":"draft","terms":[],"taxonomy":""},"publishpress_future_workflow_manual_trigger":{"enabledWorkflows":[]},"_links":{"self":[{"href":"https:\/\/www.hukvaldskypotlach.cz\/index.php\/wp-json\/wp\/v2\/pages\/834"}],"collection":[{"href":"https:\/\/www.hukvaldskypotlach.cz\/index.php\/wp-json\/wp\/v2\/pages"}],"about":[{"href":"https:\/\/www.hukvaldskypotlach.cz\/index.php\/wp-json\/wp\/v2\/types\/page"}],"author":[{"embeddable":true,"href":"https:\/\/www.hukvaldskypotlach.cz\/index.php\/wp-json\/wp\/v2\/users\/1"}],"replies":[{"embeddable":true,"href":"https:\/\/www.hukvaldskypotlach.cz\/index.php\/wp-json\/wp\/v2\/comments?post=834"}],"version-history":[{"count":0,"href":"https:\/\/www.hukvaldskypotlach.cz\/index.php\/wp-json\/wp\/v2\/pages\/834\/revisions"}],"wp:attachment":[{"href":"https:\/\/www.hukvaldskypotlach.cz\/index.php\/wp-json\/wp\/v2\/media?parent=834"}],"curies":[{"name":"wp","href":"https:\/\/api.w.org\/{rel}","templated":true}]}}