{"id":806,"date":"2023-10-29T16:07:53","date_gmt":"2023-10-29T15:07:53","guid":{"rendered":"https:\/\/www.hukvaldskypotlach.cz\/?page_id=806"},"modified":"2024-10-08T20:18:46","modified_gmt":"2024-10-08T18:18:46","slug":"minule-rocniky-festivalu-hukvaldsky-potlach","status":"publish","type":"page","link":"https:\/\/www.hukvaldskypotlach.cz\/index.php\/minule-rocniky-festivalu-hukvaldsky-potlach\/","title":{"rendered":"Hudba"},"content":{"rendered":"<p>[et_pb_section fb_built=&#8220;1&#8243; admin_label=&#8220;Blog&#8220; _builder_version=&#8220;4.20.0&#8243; _module_preset=&#8220;default&#8220; background_color=&#8220;gcid-3be8d3fa-8b11-41b4-b614-e601c43d7597&#8243; custom_padding=&#8220;1px|||||&#8220; border_color_all=&#8220;#000000&#8243; border_width_bottom=&#8220;8px&#8220; collapsed=&#8220;off&#8220; global_colors_info=&#8220;{%22gcid-3be8d3fa-8b11-41b4-b614-e601c43d7597%22:%91%22background_color%22%93}&#8220;][et_pb_row use_custom_gutter=&#8220;on&#8220; gutter_width=&#8220;2&#8243; _builder_version=&#8220;4.20.0&#8243; _module_preset=&#8220;default&#8220; max_width=&#8220;1400px&#8220; global_colors_info=&#8220;{}&#8220;][et_pb_column type=&#8220;4_4&#8243; _builder_version=&#8220;4.20.0&#8243; _module_preset=&#8220;default&#8220; global_colors_info=&#8220;{}&#8220;][et_pb_text _builder_version=&#8220;4.25.0&#8243; _module_preset=&#8220;default&#8220; width=&#8220;91%&#8220; module_alignment=&#8220;center&#8220; min_height=&#8220;89.4px&#8220; custom_padding=&#8220;|3px||||&#8220; global_colors_info=&#8220;{}&#8220;]<\/p>\n<p><strong>Na\u0161e hudebn\u00ed akce jsou jedine\u010dnou cestou do sv\u011bta hudby a z\u00e1bavy. Za\u010dali jsme festivalem Potlach, kter\u00fd se stal symbolem na\u0161\u00ed v\u00e1\u0161n\u011b pro hudbu a setk\u00e1v\u00e1n\u00ed. Krom\u011b toho po\u0159\u00e1d\u00e1me letn\u00ed ve\u010dery pln\u00e9 koncert\u016f a dal\u0161\u00edch ud\u00e1lost\u00ed. Jsme zde, abychom v\u00e1m p\u0159inesli nezapomenuteln\u00e9 hudebn\u00ed z\u00e1\u017eitky a spole\u010dn\u00e9 chv\u00edle radosti a oslav.<\/strong><\/p>\n<p>[\/et_pb_text][et_pb_blog posts_number=&#8220;12&#8243; include_categories=&#8220;26,25,66&#8243; show_author=&#8220;off&#8220; show_categories=&#8220;off&#8220; _builder_version=&#8220;4.26.0&#8243; _module_preset=&#8220;74d37424-4834-4ce7-a197-6ab198234cc5&#8243; locked=&#8220;off&#8220; global_colors_info=&#8220;{}&#8220; quote_font_size_tablet=&#8220;20px&#8220; quote_font_size_phone=&#8220;16px&#8220; quote_font_size_last_edited=&#8220;on|desktop&#8220;][\/et_pb_blog][\/et_pb_column][\/et_pb_row][\/et_pb_section][et_pb_section fb_built=&#8220;1&#8243; theme_builder_area=&#8220;post_content&#8220; _builder_version=&#8220;4.26.0&#8243; _module_preset=&#8220;default&#8220;][et_pb_row _builder_version=&#8220;4.26.0&#8243; _module_preset=&#8220;default&#8220; theme_builder_area=&#8220;post_content&#8220;][et_pb_column _builder_version=&#8220;4.26.0&#8243; _module_preset=&#8220;default&#8220; type=&#8220;4_4&#8243; theme_builder_area=&#8220;post_content&#8220;][et_pb_image src=&#8220;http:\/\/www.hukvaldskypotlach.cz\/wp-content\/uploads\/2024\/10\/33B0059-Pano.jpg&#8220; _builder_version=&#8220;4.26.0&#8243; _module_preset=&#8220;default&#8220; theme_builder_area=&#8220;post_content&#8220; title_text=&#8220;_33B0059-Pano&#8220; hover_enabled=&#8220;0&#8243; sticky_enabled=&#8220;0&#8243; min_height=&#8220;328px&#8220;][\/et_pb_image][\/et_pb_column][\/et_pb_row][\/et_pb_section]<\/p>\n","protected":false},"excerpt":{"rendered":"<p>Na\u0161e hudebn\u00ed akce jsou jedine\u010dnou cestou do sv\u011bta hudby a z\u00e1bavy. Za\u010dali jsme festivalem Potlach, kter\u00fd se stal symbolem na\u0161\u00ed v\u00e1\u0161n\u011b pro hudbu a setk\u00e1v\u00e1n\u00ed. Krom\u011b toho po\u0159\u00e1d\u00e1me letn\u00ed ve\u010dery [&hellip;]<\/p>\n","protected":false},"author":1,"featured_media":0,"parent":0,"menu_order":0,"comment_status":"closed","ping_status":"closed","template":"","meta":{"_et_pb_use_builder":"on","_et_pb_old_content":"<!-- wp:paragraph -->\n<p>Chcete se pod\u00edvat, jak\u00e9 byly p\u0159edchoz\u00ed ro\u010dn\u00edky? Vyberte si v menu ... <\/p>\n<!-- \/wp:paragraph -->","_et_gb_content_width":"","footnotes":""},"class_list":["post-806","page","type-page","status-publish","hentry"],"publishpress_future_action":{"enabled":false,"date":"2026-05-08 09:18:08","action":"change-status","newStatus":"draft","terms":[],"taxonomy":""},"publishpress_future_workflow_manual_trigger":{"enabledWorkflows":[]},"_links":{"self":[{"href":"https:\/\/www.hukvaldskypotlach.cz\/index.php\/wp-json\/wp\/v2\/pages\/806"}],"collection":[{"href":"https:\/\/www.hukvaldskypotlach.cz\/index.php\/wp-json\/wp\/v2\/pages"}],"about":[{"href":"https:\/\/www.hukvaldskypotlach.cz\/index.php\/wp-json\/wp\/v2\/types\/page"}],"author":[{"embeddable":true,"href":"https:\/\/www.hukvaldskypotlach.cz\/index.php\/wp-json\/wp\/v2\/users\/1"}],"replies":[{"embeddable":true,"href":"https:\/\/www.hukvaldskypotlach.cz\/index.php\/wp-json\/wp\/v2\/comments?post=806"}],"version-history":[{"count":0,"href":"https:\/\/www.hukvaldskypotlach.cz\/index.php\/wp-json\/wp\/v2\/pages\/806\/revisions"}],"wp:attachment":[{"href":"https:\/\/www.hukvaldskypotlach.cz\/index.php\/wp-json\/wp\/v2\/media?parent=806"}],"curies":[{"name":"wp","href":"https:\/\/api.w.org\/{rel}","templated":true}]}}