{"id":56,"date":"2020-01-06T22:41:20","date_gmt":"2020-01-06T21:41:20","guid":{"rendered":"https:\/\/www.hukvaldskypotlach.cz\/?page_id=56"},"modified":"2024-04-20T13:03:28","modified_gmt":"2024-04-20T11:03:28","slug":"kontakt","status":"publish","type":"page","link":"https:\/\/www.hukvaldskypotlach.cz\/index.php\/kontakt\/","title":{"rendered":"Kontakt"},"content":{"rendered":"\n<p>Hukvaldsk\u00fd potlach je spolek zalo\u017een\u00fd partou nad\u0161en\u00fdch jednotlivc\u016f \u2013 Martinem Holexou, Frantou \u0158eh\u00e1\u010dkem, Petrem Ku\u010dou a Sl\u00e1vkem Kovalem. Na\u0161e spole\u010denstv\u00ed vzniklo s c\u00edlem podporovat a rozv\u00edjet kulturn\u00ed, spole\u010densk\u00e9 a vzd\u011bl\u00e1vac\u00ed aktivity v oblasti Hukvald a okol\u00ed.<\/p>\n\n\n\n<p>Na\u0161e \u010dinnost je zam\u011b\u0159ena na podporu a propagaci m\u00edstn\u00edho d\u011bdictv\u00ed, tradic a kulturn\u00edho d\u011bn\u00ed. Organizujeme r\u016fzn\u00e9 akce, jako jsou kulturn\u00ed festivaly, v\u00fdstavy, divadeln\u00ed p\u0159edstaven\u00ed, koncerty a workshopy, kter\u00e9 maj\u00ed za c\u00edl obohacovat a posilovat spole\u010densk\u00fd \u017eivot v na\u0161em regionu.<\/p>\n\n\n\n<p>N\u00e1\u0161 spolek se tak\u00e9 anga\u017euje v dobrovolnick\u00fdch aktivit\u00e1ch a projektov\u00fdch \u010dinnostech, kter\u00e9 sm\u011b\u0159uj\u00ed k podpo\u0159e m\u00edstn\u00ed komunity a k rozvoji jej\u00edho potenci\u00e1lu. Jsme otev\u0159en\u00ed spolupr\u00e1ci s ostatn\u00edmi organizacemi a jednotlivci, kte\u0159\u00ed sd\u00edlej\u00ed na\u0161e hodnoty a z\u00e1jmy.<\/p>\n\n\n\n<p>Hukvaldsk\u00fd potlach je m\u00edstem setk\u00e1v\u00e1n\u00ed a sd\u00edlen\u00ed pro v\u0161echny, kte\u0159\u00ed se zaj\u00edmaj\u00ed o kulturn\u00ed d\u011bn\u00ed a spole\u010densk\u00fd rozvoj na\u0161eho regionu. Jsme hrd\u00ed na na\u0161i pr\u00e1ci a r\u00e1di bychom p\u0159iv\u00edtali ka\u017ed\u00e9ho, kdo m\u00e1 z\u00e1jem se k n\u00e1m p\u0159idat nebo podpo\u0159it na\u0161e aktivity.<\/p>\n\n\n\n<p><br><strong>Kontaktni email:&nbsp;<a href=\"mailto:hukvaldsky.potlach@seznam.cz\">hukvaldsky.potlach@seznam.cz<\/a><\/strong><\/p>\n\n\n\n<p><strong>Kontaktn\u00ed telefon: 737169666<\/strong><\/p>\n\n\n\n<figure class=\"wp-block-image size-large\"><img loading=\"lazy\" decoding=\"async\" width=\"1024\" height=\"681\" src=\"http:\/\/www.hukvaldskypotlach.cz\/wp-content\/uploads\/2024\/04\/pacifik_2020_w-1024x681.jpg\" alt=\"\" class=\"wp-image-1156\" srcset=\"https:\/\/www.hukvaldskypotlach.cz\/wp-content\/uploads\/2024\/04\/pacifik_2020_w-1024x681.jpg 1024w, https:\/\/www.hukvaldskypotlach.cz\/wp-content\/uploads\/2024\/04\/pacifik_2020_w-300x199.jpg 300w, https:\/\/www.hukvaldskypotlach.cz\/wp-content\/uploads\/2024\/04\/pacifik_2020_w-768x511.jpg 768w, https:\/\/www.hukvaldskypotlach.cz\/wp-content\/uploads\/2024\/04\/pacifik_2020_w-1080x718.jpg 1080w, https:\/\/www.hukvaldskypotlach.cz\/wp-content\/uploads\/2024\/04\/pacifik_2020_w.jpg 1536w\" sizes=\"(max-width: 1024px) 100vw, 1024px\" \/><\/figure>\n","protected":false},"excerpt":{"rendered":"<p>Hukvaldsk\u00fd potlach je spolek zalo\u017een\u00fd partou nad\u0161en\u00fdch jednotlivc\u016f \u2013 Martinem Holexou, Frantou \u0158eh\u00e1\u010dkem, Petrem Ku\u010dou a Sl\u00e1vkem Kovalem. Na\u0161e spole\u010denstv\u00ed vzniklo s c\u00edlem podporovat a rozv\u00edjet kulturn\u00ed, spole\u010densk\u00e9 a vzd\u011bl\u00e1vac\u00ed [&hellip;]<\/p>\n","protected":false},"author":1,"featured_media":0,"parent":0,"menu_order":0,"comment_status":"closed","ping_status":"closed","template":"","meta":{"_et_pb_use_builder":"","_et_pb_old_content":"","_et_gb_content_width":"","footnotes":""},"class_list":["post-56","page","type-page","status-publish","hentry"],"publishpress_future_action":{"enabled":false,"date":"2026-05-06 20:36:14","action":"change-status","newStatus":"draft","terms":[],"taxonomy":""},"publishpress_future_workflow_manual_trigger":{"enabledWorkflows":[]},"_links":{"self":[{"href":"https:\/\/www.hukvaldskypotlach.cz\/index.php\/wp-json\/wp\/v2\/pages\/56"}],"collection":[{"href":"https:\/\/www.hukvaldskypotlach.cz\/index.php\/wp-json\/wp\/v2\/pages"}],"about":[{"href":"https:\/\/www.hukvaldskypotlach.cz\/index.php\/wp-json\/wp\/v2\/types\/page"}],"author":[{"embeddable":true,"href":"https:\/\/www.hukvaldskypotlach.cz\/index.php\/wp-json\/wp\/v2\/users\/1"}],"replies":[{"embeddable":true,"href":"https:\/\/www.hukvaldskypotlach.cz\/index.php\/wp-json\/wp\/v2\/comments?post=56"}],"version-history":[{"count":0,"href":"https:\/\/www.hukvaldskypotlach.cz\/index.php\/wp-json\/wp\/v2\/pages\/56\/revisions"}],"wp:attachment":[{"href":"https:\/\/www.hukvaldskypotlach.cz\/index.php\/wp-json\/wp\/v2\/media?parent=56"}],"curies":[{"name":"wp","href":"https:\/\/api.w.org\/{rel}","templated":true}]}}