{"id":271,"date":"2020-11-12T19:41:57","date_gmt":"2020-11-12T18:41:57","guid":{"rendered":"https:\/\/www.hukvaldskypotlach.cz\/?page_id=271"},"modified":"2024-10-07T20:07:47","modified_gmt":"2024-10-07T18:07:47","slug":"spolecenske-akce","status":"publish","type":"page","link":"https:\/\/www.hukvaldskypotlach.cz\/index.php\/spolecenske-akce\/","title":{"rendered":"Spole\u010densk\u00e9 akce"},"content":{"rendered":"<p>[et_pb_section fb_built=&#8220;1&#8243; admin_label=&#8220;Blog&#8220; _builder_version=&#8220;4.20.0&#8243; _module_preset=&#8220;default&#8220; background_color=&#8220;gcid-3be8d3fa-8b11-41b4-b614-e601c43d7597&#8243; custom_padding=&#8220;0px|||||&#8220; border_color_all=&#8220;#000000&#8243; border_width_bottom=&#8220;8px&#8220; collapsed=&#8220;on&#8220; global_colors_info=&#8220;{%22gcid-3be8d3fa-8b11-41b4-b614-e601c43d7597%22:%91%22background_color%22%93}&#8220;][et_pb_row use_custom_gutter=&#8220;on&#8220; gutter_width=&#8220;2&#8243; _builder_version=&#8220;4.20.0&#8243; _module_preset=&#8220;default&#8220; max_width=&#8220;1400px&#8220; global_colors_info=&#8220;{}&#8220;][et_pb_column type=&#8220;4_4&#8243; _builder_version=&#8220;4.20.0&#8243; _module_preset=&#8220;default&#8220; global_colors_info=&#8220;{}&#8220;][et_pb_text _builder_version=&#8220;4.25.0&#8243; _module_preset=&#8220;default&#8220; width=&#8220;91%&#8220; module_alignment=&#8220;center&#8220; custom_padding=&#8220;|3px|29px|||&#8220; global_colors_info=&#8220;{}&#8220;]<\/p>\n<p><strong>Na\u0161e spole\u010densk\u00e9 akce jsou pln\u00e9 radosti a atmosf\u00e9ry, kter\u00e1 v\u00e1m zah\u0159eje srdce. P\u0159ipravujeme tradi\u010dn\u00ed country b\u00e1l pln\u00fd tance, hudby a z\u00e1bavy, a v\u00e1no\u010dn\u00ed adventn\u00ed setk\u00e1n\u00ed, kter\u00e1 n\u00e1s spojuj\u00ed v o\u010dek\u00e1v\u00e1n\u00ed sv\u00e1tk\u016f.<\/strong><\/p>\n<p>[\/et_pb_text][et_pb_blog posts_number=&#8220;3&#8243; include_categories=&#8220;1&#8243; _builder_version=&#8220;4.25.0&#8243; _module_preset=&#8220;799d3f10-0e74-4e5b-8f2a-db922eef831b&#8220; locked=&#8220;off&#8220; global_colors_info=&#8220;{}&#8220; quote_font_size_tablet=&#8220;20px&#8220; quote_font_size_phone=&#8220;16px&#8220; quote_font_size_last_edited=&#8220;on|desktop&#8220;][\/et_pb_blog][\/et_pb_column][\/et_pb_row][\/et_pb_section]<\/p>\n","protected":false},"excerpt":{"rendered":"<p>Na\u0161e spole\u010densk\u00e9 akce jsou pln\u00e9 radosti a atmosf\u00e9ry, kter\u00e1 v\u00e1m zah\u0159eje srdce. P\u0159ipravujeme tradi\u010dn\u00ed country b\u00e1l pln\u00fd tance, hudby a z\u00e1bavy, a v\u00e1no\u010dn\u00ed adventn\u00ed setk\u00e1n\u00ed, kter\u00e1 n\u00e1s spojuj\u00ed v o\u010dek\u00e1v\u00e1n\u00ed [&hellip;]<\/p>\n","protected":false},"author":1,"featured_media":1446,"parent":0,"menu_order":2,"comment_status":"closed","ping_status":"closed","template":"","meta":{"_et_pb_use_builder":"on","_et_pb_old_content":"<!-- wp:paragraph -->\n<p><\/p>\n<!-- \/wp:paragraph -->\n\n<!-- wp:image {\"id\":91,\"sizeSlug\":\"large\"} -->\n<figure class=\"wp-block-image size-large\"><img src=\"http:\/\/www.hukvaldskypotlach.cz\/wp-content\/uploads\/2020\/01\/pozvanka-sponzori-1024x724.jpg\" alt=\"\" class=\"wp-image-91\"\/><\/figure>\n<!-- \/wp:image -->","_et_gb_content_width":"","footnotes":""},"class_list":["post-271","page","type-page","status-publish","has-post-thumbnail","hentry"],"publishpress_future_action":{"enabled":false,"date":"2026-05-02 16:02:47","action":"change-status","newStatus":"draft","terms":[],"taxonomy":""},"publishpress_future_workflow_manual_trigger":{"enabledWorkflows":[]},"_links":{"self":[{"href":"https:\/\/www.hukvaldskypotlach.cz\/index.php\/wp-json\/wp\/v2\/pages\/271"}],"collection":[{"href":"https:\/\/www.hukvaldskypotlach.cz\/index.php\/wp-json\/wp\/v2\/pages"}],"about":[{"href":"https:\/\/www.hukvaldskypotlach.cz\/index.php\/wp-json\/wp\/v2\/types\/page"}],"author":[{"embeddable":true,"href":"https:\/\/www.hukvaldskypotlach.cz\/index.php\/wp-json\/wp\/v2\/users\/1"}],"replies":[{"embeddable":true,"href":"https:\/\/www.hukvaldskypotlach.cz\/index.php\/wp-json\/wp\/v2\/comments?post=271"}],"version-history":[{"count":0,"href":"https:\/\/www.hukvaldskypotlach.cz\/index.php\/wp-json\/wp\/v2\/pages\/271\/revisions"}],"wp:featuredmedia":[{"embeddable":true,"href":"https:\/\/www.hukvaldskypotlach.cz\/index.php\/wp-json\/wp\/v2\/media\/1446"}],"wp:attachment":[{"href":"https:\/\/www.hukvaldskypotlach.cz\/index.php\/wp-json\/wp\/v2\/media?parent=271"}],"curies":[{"name":"wp","href":"https:\/\/api.w.org\/{rel}","templated":true}]}}