{"id":169,"date":"2020-03-20T10:47:43","date_gmt":"2020-03-20T09:47:43","guid":{"rendered":"https:\/\/www.hukvaldskypotlach.cz\/?page_id=169"},"modified":"2024-10-08T19:23:09","modified_gmt":"2024-10-08T17:23:09","slug":"vystupujici","status":"publish","type":"page","link":"https:\/\/www.hukvaldskypotlach.cz\/index.php\/vystupujici\/","title":{"rendered":"Vystupuj\u00edc\u00ed"},"content":{"rendered":"<p>[et_pb_section fb_built=&#8220;1&#8243; admin_label=&#8220;Blog&#8220; _builder_version=&#8220;4.20.0&#8243; _module_preset=&#8220;default&#8220; background_color=&#8220;gcid-3be8d3fa-8b11-41b4-b614-e601c43d7597&#8243; border_color_all=&#8220;#000000&#8243; border_width_bottom=&#8220;8px&#8220; collapsed=&#8220;on&#8220; global_colors_info=&#8220;{%22gcid-3be8d3fa-8b11-41b4-b614-e601c43d7597%22:%91%22background_color%22%93}&#8220;][et_pb_row _builder_version=&#8220;4.25.0&#8243; _module_preset=&#8220;default&#8220; global_colors_info=&#8220;{}&#8220;][et_pb_column type=&#8220;4_4&#8243; _builder_version=&#8220;4.25.0&#8243; _module_preset=&#8220;default&#8220; global_colors_info=&#8220;{}&#8220;][et_pb_blog fullwidth=&#8220;off&#8220; posts_number=&#8220;12&#8243; include_categories=&#8220;34&#8243; _builder_version=&#8220;4.26.0&#8243; _module_preset=&#8220;default&#8220; hover_enabled=&#8220;0&#8243; global_colors_info=&#8220;{}&#8220; sticky_enabled=&#8220;0&#8243;][\/et_pb_blog][\/et_pb_column][\/et_pb_row][\/et_pb_section][et_pb_section fb_built=&#8220;1&#8243; admin_label=&#8220;Footer&#8220; _builder_version=&#8220;4.20.0&#8243; _module_preset=&#8220;default&#8220; custom_padding=&#8220;0px||0px||true|false&#8220; saved_tabs=&#8220;all&#8220; collapsed=&#8220;on&#8220; global_colors_info=&#8220;{}&#8220;][et_pb_row _builder_version=&#8220;4.20.0&#8243; _module_preset=&#8220;default&#8220; width=&#8220;100%&#8220; max_width=&#8220;none&#8220; custom_padding=&#8220;0px||0px||true|false&#8220; locked=&#8220;off&#8220; global_colors_info=&#8220;{}&#8220;][et_pb_column type=&#8220;4_4&#8243; _builder_version=&#8220;4.20.0&#8243; _module_preset=&#8220;default&#8220; global_colors_info=&#8220;{}&#8220;][et_pb_image src=&#8220;http:\/\/www.hukvaldskypotlach.cz\/wp-content\/uploads\/2024\/10\/33B0059-Pano.jpg&#8220; title_text=&#8220;_33B0059-Pano&#8220; force_fullwidth=&#8220;on&#8220; _builder_version=&#8220;4.26.0&#8243; _module_preset=&#8220;default&#8220; global_colors_info=&#8220;{}&#8220;][\/et_pb_image][et_pb_image title_text=&#8220;3 vyk\u0159i\u010dn\u00edky&#8220; force_fullwidth=&#8220;on&#8220; _builder_version=&#8220;4.26.0&#8243; _module_preset=&#8220;default&#8220; global_colors_info=&#8220;{}&#8220;][\/et_pb_image][\/et_pb_column][\/et_pb_row][\/et_pb_section]<\/p>\n","protected":false},"excerpt":{"rendered":"","protected":false},"author":1,"featured_media":0,"parent":0,"menu_order":1,"comment_status":"closed","ping_status":"closed","template":"","meta":{"_et_pb_use_builder":"on","_et_pb_old_content":"<!-- wp:paragraph {\"style\":{\"typography\":{\"fontSize\":20}}} -->\n<p style=\"font-size:20px\"><strong>Galerie fotografii\u00ed z prvn\u00edho ro\u010dn\u00edku<\/strong><\/p>\n<!-- \/wp:paragraph -->\n\n<!-- wp:gallery {\"linkTo\":\"none\"} -->\n<figure class=\"wp-block-gallery has-nested-images columns-default is-cropped\"><!-- wp:image {\"id\":170,\"sizeSlug\":\"large\",\"linkDestination\":\"none\"} -->\n<figure class=\"wp-block-image size-large\"><img src=\"http:\/\/www.hukvaldskypotlach.cz\/wp-content\/uploads\/2020\/03\/33B0004-Pano.jpg\" alt=\"\" class=\"wp-image-170\"\/><\/figure>\n<!-- \/wp:image -->\n\n<!-- wp:image {\"id\":171,\"sizeSlug\":\"large\",\"linkDestination\":\"none\"} -->\n<figure class=\"wp-block-image size-large\"><img src=\"http:\/\/www.hukvaldskypotlach.cz\/wp-content\/uploads\/2020\/03\/33B0014.jpg\" alt=\"\" class=\"wp-image-171\"\/><\/figure>\n<!-- \/wp:image -->\n\n<!-- wp:image {\"id\":172,\"sizeSlug\":\"large\",\"linkDestination\":\"none\"} -->\n<figure class=\"wp-block-image size-large\"><img src=\"http:\/\/www.hukvaldskypotlach.cz\/wp-content\/uploads\/2020\/03\/33B0059-Pano.jpg\" alt=\"\" class=\"wp-image-172\"\/><\/figure>\n<!-- \/wp:image -->\n\n<!-- wp:image {\"id\":173,\"sizeSlug\":\"large\",\"linkDestination\":\"none\"} -->\n<figure class=\"wp-block-image size-large\"><img src=\"http:\/\/www.hukvaldskypotlach.cz\/wp-content\/uploads\/2020\/03\/33B0106.jpg\" alt=\"\" class=\"wp-image-173\"\/><\/figure>\n<!-- \/wp:image -->\n\n<!-- wp:image {\"id\":174,\"sizeSlug\":\"large\",\"linkDestination\":\"none\"} -->\n<figure class=\"wp-block-image size-large\"><img src=\"http:\/\/www.hukvaldskypotlach.cz\/wp-content\/uploads\/2020\/03\/33B9575.jpg\" alt=\"\" class=\"wp-image-174\"\/><\/figure>\n<!-- \/wp:image -->\n\n<!-- wp:image {\"id\":175,\"sizeSlug\":\"large\",\"linkDestination\":\"none\"} -->\n<figure class=\"wp-block-image size-large\"><img src=\"http:\/\/www.hukvaldskypotlach.cz\/wp-content\/uploads\/2020\/03\/33B9583.jpg\" alt=\"\" class=\"wp-image-175\"\/><\/figure>\n<!-- \/wp:image -->\n\n<!-- wp:image {\"id\":176,\"sizeSlug\":\"large\",\"linkDestination\":\"none\"} -->\n<figure class=\"wp-block-image size-large\"><img src=\"http:\/\/www.hukvaldskypotlach.cz\/wp-content\/uploads\/2020\/03\/33B9591.jpg\" alt=\"\" class=\"wp-image-176\"\/><\/figure>\n<!-- \/wp:image -->\n\n<!-- wp:image {\"id\":177,\"sizeSlug\":\"large\",\"linkDestination\":\"none\"} -->\n<figure class=\"wp-block-image size-large\"><img src=\"http:\/\/www.hukvaldskypotlach.cz\/wp-content\/uploads\/2020\/03\/33B9623.jpg\" alt=\"\" class=\"wp-image-177\"\/><\/figure>\n<!-- \/wp:image -->\n\n<!-- wp:image {\"id\":178,\"sizeSlug\":\"large\",\"linkDestination\":\"none\"} -->\n<figure class=\"wp-block-image size-large\"><img src=\"http:\/\/www.hukvaldskypotlach.cz\/wp-content\/uploads\/2020\/03\/33B9628.jpg\" alt=\"\" class=\"wp-image-178\"\/><\/figure>\n<!-- \/wp:image -->\n\n<!-- wp:image {\"id\":179,\"sizeSlug\":\"large\",\"linkDestination\":\"none\"} -->\n<figure class=\"wp-block-image size-large\"><img src=\"http:\/\/www.hukvaldskypotlach.cz\/wp-content\/uploads\/2020\/03\/33B9631.jpg\" alt=\"\" class=\"wp-image-179\"\/><\/figure>\n<!-- \/wp:image -->\n\n<!-- wp:image {\"id\":180,\"sizeSlug\":\"large\",\"linkDestination\":\"none\"} -->\n<figure class=\"wp-block-image size-large\"><img src=\"http:\/\/www.hukvaldskypotlach.cz\/wp-content\/uploads\/2020\/03\/33B9665.jpg\" alt=\"\" class=\"wp-image-180\"\/><\/figure>\n<!-- \/wp:image -->\n\n<!-- wp:image {\"id\":181,\"sizeSlug\":\"large\",\"linkDestination\":\"none\"} -->\n<figure class=\"wp-block-image size-large\"><img src=\"http:\/\/www.hukvaldskypotlach.cz\/wp-content\/uploads\/2020\/03\/33B9675.jpg\" alt=\"\" class=\"wp-image-181\"\/><\/figure>\n<!-- \/wp:image -->\n\n<!-- wp:image {\"id\":182,\"sizeSlug\":\"large\",\"linkDestination\":\"none\"} -->\n<figure class=\"wp-block-image size-large\"><img src=\"http:\/\/www.hukvaldskypotlach.cz\/wp-content\/uploads\/2020\/03\/33B9688.jpg\" alt=\"\" class=\"wp-image-182\"\/><\/figure>\n<!-- \/wp:image -->\n\n<!-- wp:image {\"id\":183,\"sizeSlug\":\"large\",\"linkDestination\":\"none\"} -->\n<figure class=\"wp-block-image size-large\"><img src=\"http:\/\/www.hukvaldskypotlach.cz\/wp-content\/uploads\/2020\/03\/33B9699.jpg\" alt=\"\" class=\"wp-image-183\"\/><\/figure>\n<!-- \/wp:image -->\n\n<!-- wp:image {\"id\":184,\"sizeSlug\":\"large\",\"linkDestination\":\"none\"} -->\n<figure class=\"wp-block-image size-large\"><img src=\"http:\/\/www.hukvaldskypotlach.cz\/wp-content\/uploads\/2020\/03\/33B9734.jpg\" alt=\"\" class=\"wp-image-184\"\/><\/figure>\n<!-- \/wp:image -->\n\n<!-- wp:image {\"id\":185,\"sizeSlug\":\"large\",\"linkDestination\":\"none\"} -->\n<figure class=\"wp-block-image size-large\"><img src=\"http:\/\/www.hukvaldskypotlach.cz\/wp-content\/uploads\/2020\/03\/33B9748.jpg\" alt=\"\" class=\"wp-image-185\"\/><\/figure>\n<!-- \/wp:image -->\n\n<!-- wp:image {\"id\":186,\"sizeSlug\":\"large\",\"linkDestination\":\"none\"} -->\n<figure class=\"wp-block-image size-large\"><img src=\"http:\/\/www.hukvaldskypotlach.cz\/wp-content\/uploads\/2020\/03\/33B9749.jpg\" alt=\"\" class=\"wp-image-186\"\/><\/figure>\n<!-- \/wp:image -->\n\n<!-- wp:image {\"id\":187,\"sizeSlug\":\"large\",\"linkDestination\":\"none\"} -->\n<figure class=\"wp-block-image size-large\"><img src=\"http:\/\/www.hukvaldskypotlach.cz\/wp-content\/uploads\/2020\/03\/33B9751.jpg\" alt=\"\" class=\"wp-image-187\"\/><\/figure>\n<!-- \/wp:image -->\n\n<!-- wp:image {\"id\":188,\"sizeSlug\":\"large\",\"linkDestination\":\"none\"} -->\n<figure class=\"wp-block-image size-large\"><img src=\"http:\/\/www.hukvaldskypotlach.cz\/wp-content\/uploads\/2020\/03\/33B9752.jpg\" alt=\"\" class=\"wp-image-188\"\/><\/figure>\n<!-- \/wp:image -->\n\n<!-- wp:image {\"id\":189,\"sizeSlug\":\"large\",\"linkDestination\":\"none\"} -->\n<figure class=\"wp-block-image size-large\"><img src=\"http:\/\/www.hukvaldskypotlach.cz\/wp-content\/uploads\/2020\/03\/33B9782.jpg\" alt=\"\" class=\"wp-image-189\"\/><\/figure>\n<!-- \/wp:image -->\n\n<!-- wp:image {\"id\":190,\"sizeSlug\":\"large\",\"linkDestination\":\"none\"} -->\n<figure class=\"wp-block-image size-large\"><img src=\"http:\/\/www.hukvaldskypotlach.cz\/wp-content\/uploads\/2020\/03\/33B9788.jpg\" alt=\"\" class=\"wp-image-190\"\/><\/figure>\n<!-- \/wp:image -->\n\n<!-- wp:image {\"id\":191,\"sizeSlug\":\"large\",\"linkDestination\":\"none\"} -->\n<figure class=\"wp-block-image size-large\"><img src=\"http:\/\/www.hukvaldskypotlach.cz\/wp-content\/uploads\/2020\/03\/33B9793.jpg\" alt=\"\" class=\"wp-image-191\"\/><\/figure>\n<!-- \/wp:image -->\n\n<!-- wp:image {\"id\":192,\"sizeSlug\":\"large\",\"linkDestination\":\"none\"} -->\n<figure class=\"wp-block-image size-large\"><img src=\"http:\/\/www.hukvaldskypotlach.cz\/wp-content\/uploads\/2020\/03\/33B9794.jpg\" alt=\"\" class=\"wp-image-192\"\/><\/figure>\n<!-- \/wp:image -->\n\n<!-- wp:image {\"id\":193,\"sizeSlug\":\"large\",\"linkDestination\":\"none\"} -->\n<figure class=\"wp-block-image size-large\"><img src=\"http:\/\/www.hukvaldskypotlach.cz\/wp-content\/uploads\/2020\/03\/33B9823.jpg\" alt=\"\" class=\"wp-image-193\"\/><\/figure>\n<!-- \/wp:image -->\n\n<!-- wp:image {\"id\":194,\"sizeSlug\":\"large\",\"linkDestination\":\"none\"} -->\n<figure class=\"wp-block-image size-large\"><img src=\"http:\/\/www.hukvaldskypotlach.cz\/wp-content\/uploads\/2020\/03\/33B9867.jpg\" alt=\"\" class=\"wp-image-194\"\/><\/figure>\n<!-- \/wp:image -->\n\n<!-- wp:image {\"id\":195,\"sizeSlug\":\"large\",\"linkDestination\":\"none\"} -->\n<figure class=\"wp-block-image size-large\"><img src=\"http:\/\/www.hukvaldskypotlach.cz\/wp-content\/uploads\/2020\/03\/33B9874.jpg\" alt=\"\" class=\"wp-image-195\"\/><\/figure>\n<!-- \/wp:image -->\n\n<!-- wp:image {\"id\":196,\"sizeSlug\":\"large\",\"linkDestination\":\"none\"} -->\n<figure class=\"wp-block-image size-large\"><img src=\"http:\/\/www.hukvaldskypotlach.cz\/wp-content\/uploads\/2020\/03\/33B9875.jpg\" alt=\"\" class=\"wp-image-196\"\/><\/figure>\n<!-- \/wp:image -->\n\n<!-- wp:image {\"id\":197,\"sizeSlug\":\"large\",\"linkDestination\":\"none\"} -->\n<figure class=\"wp-block-image size-large\"><img src=\"http:\/\/www.hukvaldskypotlach.cz\/wp-content\/uploads\/2020\/03\/33B9877.jpg\" alt=\"\" class=\"wp-image-197\"\/><\/figure>\n<!-- \/wp:image -->\n\n<!-- wp:image {\"id\":198,\"sizeSlug\":\"large\",\"linkDestination\":\"none\"} -->\n<figure class=\"wp-block-image size-large\"><img src=\"http:\/\/www.hukvaldskypotlach.cz\/wp-content\/uploads\/2020\/03\/33B9895.jpg\" alt=\"\" class=\"wp-image-198\"\/><\/figure>\n<!-- \/wp:image -->\n\n<!-- wp:image {\"id\":199,\"sizeSlug\":\"large\",\"linkDestination\":\"none\"} -->\n<figure class=\"wp-block-image size-large\"><img src=\"http:\/\/www.hukvaldskypotlach.cz\/wp-content\/uploads\/2020\/03\/33B9918.jpg\" alt=\"\" class=\"wp-image-199\"\/><\/figure>\n<!-- \/wp:image -->\n\n<!-- wp:image {\"id\":200,\"sizeSlug\":\"large\",\"linkDestination\":\"none\"} -->\n<figure class=\"wp-block-image size-large\"><img src=\"http:\/\/www.hukvaldskypotlach.cz\/wp-content\/uploads\/2020\/03\/33B9933.jpg\" alt=\"\" class=\"wp-image-200\"\/><\/figure>\n<!-- \/wp:image -->\n\n<!-- wp:image {\"id\":201,\"sizeSlug\":\"large\",\"linkDestination\":\"none\"} -->\n<figure class=\"wp-block-image size-large\"><img src=\"http:\/\/www.hukvaldskypotlach.cz\/wp-content\/uploads\/2020\/03\/33B9938.jpg\" alt=\"\" class=\"wp-image-201\"\/><\/figure>\n<!-- \/wp:image -->\n\n<!-- wp:image {\"id\":202,\"sizeSlug\":\"large\",\"linkDestination\":\"none\"} -->\n<figure class=\"wp-block-image size-large\"><img src=\"http:\/\/www.hukvaldskypotlach.cz\/wp-content\/uploads\/2020\/03\/33B9942.jpg\" alt=\"\" class=\"wp-image-202\"\/><\/figure>\n<!-- \/wp:image -->\n\n<!-- wp:image {\"id\":203,\"sizeSlug\":\"large\",\"linkDestination\":\"none\"} -->\n<figure class=\"wp-block-image size-large\"><img src=\"http:\/\/www.hukvaldskypotlach.cz\/wp-content\/uploads\/2020\/03\/33B9974.jpg\" alt=\"\" class=\"wp-image-203\"\/><\/figure>\n<!-- \/wp:image --><figcaption class=\"blocks-gallery-caption wp-element-caption\">1.ro\u010dn\u00edk Hukvaldsk\u00e9ho potlachu se konal v lednu 2019<br><\/figcaption><\/figure>\n<!-- \/wp:gallery -->\n\n<!-- wp:paragraph -->\n<p><\/p>\n<!-- \/wp:paragraph -->\n\n<!-- wp:paragraph -->\n<p><\/p>\n<!-- \/wp:paragraph -->","_et_gb_content_width":"","footnotes":""},"class_list":["post-169","page","type-page","status-publish","hentry"],"publishpress_future_action":{"enabled":false,"date":"2026-05-09 00:05:33","action":"change-status","newStatus":"draft","terms":[],"taxonomy":""},"publishpress_future_workflow_manual_trigger":{"enabledWorkflows":[]},"_links":{"self":[{"href":"https:\/\/www.hukvaldskypotlach.cz\/index.php\/wp-json\/wp\/v2\/pages\/169"}],"collection":[{"href":"https:\/\/www.hukvaldskypotlach.cz\/index.php\/wp-json\/wp\/v2\/pages"}],"about":[{"href":"https:\/\/www.hukvaldskypotlach.cz\/index.php\/wp-json\/wp\/v2\/types\/page"}],"author":[{"embeddable":true,"href":"https:\/\/www.hukvaldskypotlach.cz\/index.php\/wp-json\/wp\/v2\/users\/1"}],"replies":[{"embeddable":true,"href":"https:\/\/www.hukvaldskypotlach.cz\/index.php\/wp-json\/wp\/v2\/comments?post=169"}],"version-history":[{"count":0,"href":"https:\/\/www.hukvaldskypotlach.cz\/index.php\/wp-json\/wp\/v2\/pages\/169\/revisions"}],"wp:attachment":[{"href":"https:\/\/www.hukvaldskypotlach.cz\/index.php\/wp-json\/wp\/v2\/media?parent=169"}],"curies":[{"name":"wp","href":"https:\/\/api.w.org\/{rel}","templated":true}]}}